{"id":194,"date":"2021-07-22T14:30:38","date_gmt":"2021-07-22T12:30:38","guid":{"rendered":"https:\/\/www.rooms-leban.com\/?page_id=194"},"modified":"2021-07-22T14:52:32","modified_gmt":"2021-07-22T12:52:32","slug":"rockvelo","status":"publish","type":"page","link":"https:\/\/www.rooms-leban.com\/?page_id=194","title":{"rendered":"RockVelo"},"content":{"rendered":"\n<figure class=\"wp-block-image size-large\"><img loading=\"lazy\" width=\"545\" height=\"772\" src=\"https:\/\/www.rooms-leban.com\/wp-content\/uploads\/2021\/07\/image-2.png\" alt=\"\" class=\"wp-image-205\" srcset=\"https:\/\/www.rooms-leban.com\/wp-content\/uploads\/2021\/07\/image-2.png 545w, https:\/\/www.rooms-leban.com\/wp-content\/uploads\/2021\/07\/image-2-212x300.png 212w\" sizes=\"(max-width: 545px) 100vw, 545px\" \/><\/figure>\n\n\n\n<figure class=\"wp-block-image size-large\"><img loading=\"lazy\" width=\"540\" height=\"771\" src=\"https:\/\/www.rooms-leban.com\/wp-content\/uploads\/2021\/07\/image-3.png\" alt=\"\" class=\"wp-image-206\" srcset=\"https:\/\/www.rooms-leban.com\/wp-content\/uploads\/2021\/07\/image-3.png 540w, https:\/\/www.rooms-leban.com\/wp-content\/uploads\/2021\/07\/image-3-210x300.png 210w\" sizes=\"(max-width: 540px) 100vw, 540px\" \/><figcaption>RockVelo je kolesarska agencija, ki deluje na obmo\u010dju Vipavske doline, Krasa in Gori\u0161kih Brd. Na\u0161e poslanstvo je zagotavljanje najbolj\u0161e kolesarske izku\u0161nje gostom! Pri tem sodelujemo z \u0161tevilnimi gostinsko &#8211; turisti\u010dnimi ponudniki ter zagotavljamo celostno kolesarsko ponudbo. Zaupajte nam tudi vi &#8211; \u017eivimo kolesarstvo.<br><br>RockVelo is a family run cycling company located in the Vipava valley, south-west Slovenia. Our passion for cycling &amp; hosting came together in this project. We aim to offer the best possible bike experience in the region. Trust us, we ride our bikes!<\/figcaption><\/figure>\n","protected":false},"excerpt":{"rendered":"","protected":false},"author":1,"featured_media":0,"parent":0,"menu_order":0,"comment_status":"closed","ping_status":"closed","template":"","meta":{"ngg_post_thumbnail":0},"_links":{"self":[{"href":"https:\/\/www.rooms-leban.com\/index.php?rest_route=\/wp\/v2\/pages\/194"}],"collection":[{"href":"https:\/\/www.rooms-leban.com\/index.php?rest_route=\/wp\/v2\/pages"}],"about":[{"href":"https:\/\/www.rooms-leban.com\/index.php?rest_route=\/wp\/v2\/types\/page"}],"author":[{"embeddable":true,"href":"https:\/\/www.rooms-leban.com\/index.php?rest_route=\/wp\/v2\/users\/1"}],"replies":[{"embeddable":true,"href":"https:\/\/www.rooms-leban.com\/index.php?rest_route=%2Fwp%2Fv2%2Fcomments&post=194"}],"version-history":[{"count":4,"href":"https:\/\/www.rooms-leban.com\/index.php?rest_route=\/wp\/v2\/pages\/194\/revisions"}],"predecessor-version":[{"id":207,"href":"https:\/\/www.rooms-leban.com\/index.php?rest_route=\/wp\/v2\/pages\/194\/revisions\/207"}],"wp:attachment":[{"href":"https:\/\/www.rooms-leban.com\/index.php?rest_route=%2Fwp%2Fv2%2Fmedia&parent=194"}],"curies":[{"name":"wp","href":"https:\/\/api.w.org\/{rel}","templated":true}]}}